{"id":7,"date":"2017-05-29T11:38:48","date_gmt":"2017-05-29T09:38:48","guid":{"rendered":"http:\/\/kerb84.trost-eisenbach.de\/wordpress\/?page_id=7"},"modified":"2019-09-10T09:46:09","modified_gmt":"2019-09-10T07:46:09","slug":"startseite","status":"publish","type":"page","link":"http:\/\/poetz.from-de.com\/wordpress\/startseite\/","title":{"rendered":"Gemarkungsfahrt"},"content":{"rendered":"\n<ul><li style=\"padding-left: 30px;\">\n<h3><span style=\"color: #0000ff;\">Nachlese zur&nbsp;Eisenbacher Gemarkungsfahrt vom 20.08.2017<\/span><\/h3>\n<\/li><\/ul>\n\n\n\n<ul class=\"is-layout-flex wp-block-gallery-1 wp-block-gallery columns-3 is-cropped\"><li class=\"blocks-gallery-item\"><figure><img decoding=\"async\" loading=\"lazy\" width=\"135\" height=\"147\" src=\"http:\/\/poetz.from-de.com\/wordpress\/wp-content\/uploads\/2017\/09\/Wappen-Neu.jpg\" alt=\"\" data-id=\"323\" data-link=\"http:\/\/poetz.from-de.com\/wordpress\/wappen-neu-3\/\" class=\"wp-image-323\"\/><figcaption>\t\t\t\t\t\t<\/figcaption><\/figure><\/li><li class=\"blocks-gallery-item\"><figure><img decoding=\"async\" loading=\"lazy\" width=\"967\" height=\"1024\" src=\"http:\/\/poetz.from-de.com\/wordpress\/wp-content\/uploads\/2017\/09\/spende-967x1024.jpg\" alt=\"\" data-id=\"296\" data-link=\"http:\/\/poetz.from-de.com\/wordpress\/startseite\/spende\/\" class=\"wp-image-296\" srcset=\"http:\/\/poetz.from-de.com\/wordpress\/wp-content\/uploads\/2017\/09\/spende-967x1024.jpg 967w, http:\/\/poetz.from-de.com\/wordpress\/wp-content\/uploads\/2017\/09\/spende-283x300.jpg 283w, http:\/\/poetz.from-de.com\/wordpress\/wp-content\/uploads\/2017\/09\/spende-768x813.jpg 768w\" sizes=\"(max-width: 967px) 100vw, 967px\" \/><figcaption>\t\t\t\t\t\t<\/figcaption><\/figure><\/li><li class=\"blocks-gallery-item\"><figure><img decoding=\"async\" loading=\"lazy\" width=\"1024\" height=\"768\" src=\"http:\/\/poetz.from-de.com\/wordpress\/wp-content\/uploads\/2017\/09\/wagen1-1024x768.jpg\" alt=\"\" data-id=\"295\" data-link=\"http:\/\/poetz.from-de.com\/wordpress\/startseite\/wagen1\/\" class=\"wp-image-295\" srcset=\"http:\/\/poetz.from-de.com\/wordpress\/wp-content\/uploads\/2017\/09\/wagen1-1024x768.jpg 1024w, http:\/\/poetz.from-de.com\/wordpress\/wp-content\/uploads\/2017\/09\/wagen1-300x225.jpg 300w, http:\/\/poetz.from-de.com\/wordpress\/wp-content\/uploads\/2017\/09\/wagen1-768x576.jpg 768w\" sizes=\"(max-width: 1024px) 100vw, 1024px\" \/><figcaption>\t\t\t\t\t\t<\/figcaption><\/figure><\/li><li class=\"blocks-gallery-item\"><figure><img decoding=\"async\" loading=\"lazy\" width=\"1024\" height=\"768\" src=\"http:\/\/poetz.from-de.com\/wordpress\/wp-content\/uploads\/2017\/09\/wagen-1024x768.jpg\" alt=\"\" data-id=\"294\" data-link=\"http:\/\/poetz.from-de.com\/wordpress\/startseite\/wagen\/\" class=\"wp-image-294\" srcset=\"http:\/\/poetz.from-de.com\/wordpress\/wp-content\/uploads\/2017\/09\/wagen-1024x768.jpg 1024w, http:\/\/poetz.from-de.com\/wordpress\/wp-content\/uploads\/2017\/09\/wagen-300x225.jpg 300w, http:\/\/poetz.from-de.com\/wordpress\/wp-content\/uploads\/2017\/09\/wagen-768x576.jpg 768w\" sizes=\"(max-width: 1024px) 100vw, 1024px\" \/><figcaption>\t\t\t\t\t\t<\/figcaption><\/figure><\/li><li class=\"blocks-gallery-item\"><figure><img decoding=\"async\" loading=\"lazy\" width=\"1024\" height=\"768\" src=\"http:\/\/poetz.from-de.com\/wordpress\/wp-content\/uploads\/2017\/09\/test-1024x768.jpeg\" alt=\"\" data-id=\"293\" data-link=\"http:\/\/poetz.from-de.com\/wordpress\/startseite\/test\/\" class=\"wp-image-293\" srcset=\"http:\/\/poetz.from-de.com\/wordpress\/wp-content\/uploads\/2017\/09\/test-1024x768.jpeg 1024w, http:\/\/poetz.from-de.com\/wordpress\/wp-content\/uploads\/2017\/09\/test-300x225.jpeg 300w, http:\/\/poetz.from-de.com\/wordpress\/wp-content\/uploads\/2017\/09\/test-768x576.jpeg 768w\" sizes=\"(max-width: 1024px) 100vw, 1024px\" \/><figcaption>\t\t\t\t\t\t<\/figcaption><\/figure><\/li><li class=\"blocks-gallery-item\"><figure><img decoding=\"async\" loading=\"lazy\" width=\"1024\" height=\"820\" src=\"http:\/\/poetz.from-de.com\/wordpress\/wp-content\/uploads\/2017\/09\/KerBus84-im-August-2017-1024x820.jpg\" alt=\"\" data-id=\"292\" data-link=\"http:\/\/poetz.from-de.com\/wordpress\/startseite\/kerbus84-im-august-2017\/\" class=\"wp-image-292\" srcset=\"http:\/\/poetz.from-de.com\/wordpress\/wp-content\/uploads\/2017\/09\/KerBus84-im-August-2017-1024x820.jpg 1024w, http:\/\/poetz.from-de.com\/wordpress\/wp-content\/uploads\/2017\/09\/KerBus84-im-August-2017-300x240.jpg 300w, http:\/\/poetz.from-de.com\/wordpress\/wp-content\/uploads\/2017\/09\/KerBus84-im-August-2017-768x615.jpg 768w\" sizes=\"(max-width: 1024px) 100vw, 1024px\" \/><figcaption>\t\t\t\t\t\t<\/figcaption><\/figure><\/li><\/ul>\n\n\n\n<p><strong><span style=\"color: #800080;\">Bericht zur<\/span><\/strong> <span style=\"color: #0000ff;\"><a href=\"http:\/\/poetz.from-de.com\/wordpress\/wp-content\/uploads\/2017\/09\/Eisenbacher-Gemarkungsfahrt_2.0.pdf\"><strong>Gemarkungsfa<\/strong>hrt 2017<\/a><\/span><\/p>\n\n\n\n<!--more-->\n\n\n\n<p><a href=\"http:\/\/poetz.from-de.com\/wordpress\/wp-content\/uploads\/\/2017\/10\/KerBus-84-aus-Eisenbach-\u00fcberreichen-ansehnliche-Spende-f\u00fcr-die-dringende-Renovierung-der-Eisenbacher-Festhalle.pdf\"><span style=\"color: #0000ff;\"><strong>Spenden\u00fcbergabe Festh<\/strong><\/span><span style=\"color: #0000ff;\"><strong>alle<\/strong><\/span><\/a><\/p>\n\n\n\n<!--more-->\n\n\n\n<p><a href=\"http:\/\/poetz.from-de.com\/wordpress\/wp-content\/uploads\/2017\/05\/Zeitungsartikel-Senioren-1.pdf\">Zeitungsartikel Senioren<\/a><\/p>\n\n\n\n<p>Das ist aber erst der Anfang!<\/p>\n\n\n\n<!--more-->\n\n\n\n<p>In K\u00fcrze werden wir alle Fotos der Gemarkungsfahrt und der anschlie\u00dfenden Party hier ver\u00f6ffentlichen.<\/p>\n\n\n\n<!--more-->\n\n\n\n<p><span style=\"color: #ff6600;\"><strong>Fotos der &nbsp;<span style=\"color: #0000ff;\"><a style=\"color: #0000ff;\" href=\"http:\/\/poetz.from-de.com\/wordpress\/wp-content\/uploads\/2017\/05\/Gemarkungsfahrt_20151.pdf\">Gemarkungsfahrt_2015<\/a><\/span><\/strong><\/span><\/p>\n\n\n\n<p><span style=\"color: #008000;\"><strong>Bericht zur<\/strong><\/span>&nbsp;<a href=\"http:\/\/poetz.from-de.com\/wordpress\/wp-content\/uploads\/2017\/05\/Die-Gemarkungsfahrt-von-2015-mit-den-Eisenbacher-Senioren.pdf\">Gemarkungsfahrt-von-2015-mit-den-Eisenbacher-Senioren.pdf<\/a><\/p>\n","protected":false},"excerpt":{"rendered":"<p>Nachlese zur&nbsp;Eisenbacher Gemarkungsfahrt vom 20.08.2017 Bericht zur Gemarkungsfahrt 2017<\/p>\n","protected":false},"author":1,"featured_media":61,"parent":0,"menu_order":0,"comment_status":"closed","ping_status":"closed","template":"","meta":[],"_links":{"self":[{"href":"http:\/\/poetz.from-de.com\/wordpress\/wp-json\/wp\/v2\/pages\/7"}],"collection":[{"href":"http:\/\/poetz.from-de.com\/wordpress\/wp-json\/wp\/v2\/pages"}],"about":[{"href":"http:\/\/poetz.from-de.com\/wordpress\/wp-json\/wp\/v2\/types\/page"}],"author":[{"embeddable":true,"href":"http:\/\/poetz.from-de.com\/wordpress\/wp-json\/wp\/v2\/users\/1"}],"replies":[{"embeddable":true,"href":"http:\/\/poetz.from-de.com\/wordpress\/wp-json\/wp\/v2\/comments?post=7"}],"version-history":[{"count":3,"href":"http:\/\/poetz.from-de.com\/wordpress\/wp-json\/wp\/v2\/pages\/7\/revisions"}],"predecessor-version":[{"id":992,"href":"http:\/\/poetz.from-de.com\/wordpress\/wp-json\/wp\/v2\/pages\/7\/revisions\/992"}],"wp:featuredmedia":[{"embeddable":true,"href":"http:\/\/poetz.from-de.com\/wordpress\/wp-json\/wp\/v2\/media\/61"}],"wp:attachment":[{"href":"http:\/\/poetz.from-de.com\/wordpress\/wp-json\/wp\/v2\/media?parent=7"}],"curies":[{"name":"wp","href":"https:\/\/api.w.org\/{rel}","templated":true}]}}